{"id":2705,"date":"2024-09-18T20:26:38","date_gmt":"2024-09-19T00:26:38","guid":{"rendered":"https:\/\/aviation.tulmar.com\/?page_id=2705"},"modified":"2024-09-23T09:31:14","modified_gmt":"2024-09-23T13:31:14","slug":"tulmar-technical-servicestts","status":"publish","type":"page","link":"https:\/\/aviation.tulmar.com\/fr\/tulmar-technical-servicestts\/","title":{"rendered":"Services techniques de Tulmar (TTS)"},"content":{"rendered":"<div data-elementor-type=\"wp-page\" data-elementor-id=\"2705\" class=\"elementor elementor-2705\" data-elementor-post-type=\"page\">\n\t\t\t\t<div class=\"elementor-element elementor-element-c9e732c e-flex e-con-boxed e-con e-parent\" data-id=\"c9e732c\" data-element_type=\"container\" data-e-type=\"container\" data-settings=\"{&quot;background_background&quot;:&quot;classic&quot;,&quot;jet_parallax_layout_list&quot;:[]}\">\n\t\t\t\t\t<div class=\"e-con-inner\">\n\t\t\t\t<div class=\"elementor-element elementor-element-250034c elementor-widget elementor-widget-heading\" data-id=\"250034c\" data-element_type=\"widget\" data-e-type=\"widget\" data-widget_type=\"heading.default\">\n\t\t\t\t<div class=\"elementor-widget-container\">\n\t\t\t\t\t<h1 class=\"elementor-heading-title elementor-size-default\">SERVICES TECHNIQUES DE TULMAR (TTS)<\/h1>\t\t\t\t<\/div>\n\t\t\t\t<\/div>\n\t\t\t\t<div class=\"elementor-element elementor-element-04aa3fd elementor-widget__width-auto elementor-widget elementor-widget-text-editor\" data-id=\"04aa3fd\" data-element_type=\"widget\" data-e-type=\"widget\" data-widget_type=\"text-editor.default\">\n\t\t\t\t<div class=\"elementor-widget-container\">\n\t\t\t\t\t\t\t\t\tUn portefeuille de services complet pour la gestion de votre \u00e9quipement de formation du personnel de cabine.\t\t\t\t\t\t\t\t<\/div>\n\t\t\t\t<\/div>\n\t\t\t\t\t<\/div>\n\t\t\t\t<\/div>\n\t\t<div class=\"elementor-element elementor-element-42d9bb5 e-flex e-con-boxed e-con e-parent\" data-id=\"42d9bb5\" data-element_type=\"container\" data-e-type=\"container\" data-settings=\"{&quot;jet_parallax_layout_list&quot;:[]}\">\n\t\t\t\t\t<div class=\"e-con-inner\">\n\t\t\t\t<div class=\"elementor-element elementor-element-2a6a371 elementor-widget elementor-widget-heading\" data-id=\"2a6a371\" data-element_type=\"widget\" data-e-type=\"widget\" data-widget_type=\"heading.default\">\n\t\t\t\t<div class=\"elementor-widget-container\">\n\t\t\t\t\t<h2 class=\"elementor-heading-title elementor-size-default\">SOLUTION CL\u00c9 EN MAIN<\/h2>\t\t\t\t<\/div>\n\t\t\t\t<\/div>\n\t\t\t\t<div class=\"elementor-element elementor-element-8cac95c elementor-widget-divider--view-line elementor-widget elementor-widget-divider\" data-id=\"8cac95c\" data-element_type=\"widget\" data-e-type=\"widget\" data-widget_type=\"divider.default\">\n\t\t\t\t<div class=\"elementor-widget-container\">\n\t\t\t\t\t\t\t<div class=\"elementor-divider\">\n\t\t\t<span class=\"elementor-divider-separator\">\n\t\t\t\t\t\t<\/span>\n\t\t<\/div>\n\t\t\t\t\t\t<\/div>\n\t\t\t\t<\/div>\n\t\t\t\t<div class=\"elementor-element elementor-element-c1bf14c elementor-widget elementor-widget-text-editor\" data-id=\"c1bf14c\" data-element_type=\"widget\" data-e-type=\"widget\" data-widget_type=\"text-editor.default\">\n\t\t\t\t<div class=\"elementor-widget-container\">\n\t\t\t\t\t\t\t\t\t<p><span style=\"font-weight: 400;\">Un service cl\u00e9 en main pour r\u00e9pondre aux besoins de l'industrie du transport a\u00e9rien en mati\u00e8re de planification, de gestion et de rentabilit\u00e9. <br \/>et la maintenance des \u00e9quipements d'entra\u00eenement en vol.<\/span><\/p><p><span style=\"font-weight: 400;\">Notre expertise garantit la s\u00e9curit\u00e9, la continuit\u00e9 op\u00e9rationnelle et la coh\u00e9rence de la formation. <br \/>Vous pouvez ainsi vous concentrer sur la formation de vos \u00e9quipes et garantir l'excellence dans le ciel.<\/span><\/p>\t\t\t\t\t\t\t\t<\/div>\n\t\t\t\t<\/div>\n\t\t\t\t\t<\/div>\n\t\t\t\t<\/div>\n\t\t<div class=\"elementor-element elementor-element-cdf84ef e-flex e-con-boxed e-con e-parent\" data-id=\"cdf84ef\" data-element_type=\"container\" data-e-type=\"container\" data-settings=\"{&quot;background_background&quot;:&quot;classic&quot;,&quot;jet_parallax_layout_list&quot;:[]}\">\n\t\t\t\t\t<div class=\"e-con-inner\">\n\t\t<div class=\"elementor-element elementor-element-b01fa41 e-con-full e-flex e-con e-child\" data-id=\"b01fa41\" data-element_type=\"container\" data-e-type=\"container\" data-settings=\"{&quot;jet_parallax_layout_list&quot;:[]}\">\n\t\t\t\t<div class=\"elementor-element elementor-element-d825d94 elementor-widget elementor-widget-heading\" data-id=\"d825d94\" data-element_type=\"widget\" data-e-type=\"widget\" data-widget_type=\"heading.default\">\n\t\t\t\t<div class=\"elementor-widget-container\">\n\t\t\t\t\t<h3 class=\"elementor-heading-title elementor-size-default\">Nos services comprennent<\/h3>\t\t\t\t<\/div>\n\t\t\t\t<\/div>\n\t\t\t\t<div class=\"elementor-element elementor-element-bd7a77a elementor-widget-divider--view-line elementor-widget elementor-widget-divider\" data-id=\"bd7a77a\" data-element_type=\"widget\" data-e-type=\"widget\" data-widget_type=\"divider.default\">\n\t\t\t\t<div class=\"elementor-widget-container\">\n\t\t\t\t\t\t\t<div class=\"elementor-divider\">\n\t\t\t<span class=\"elementor-divider-separator\">\n\t\t\t\t\t\t<\/span>\n\t\t<\/div>\n\t\t\t\t\t\t<\/div>\n\t\t\t\t<\/div>\n\t\t\t\t<\/div>\n\t\t<div class=\"elementor-element elementor-element-cd8e395 e-con-full e-flex e-con e-child\" data-id=\"cd8e395\" data-element_type=\"container\" data-e-type=\"container\" data-settings=\"{&quot;jet_parallax_layout_list&quot;:[]}\">\n\t\t\t\t<div class=\"elementor-element elementor-element-000a86e elementor-widget elementor-widget-text-editor\" data-id=\"000a86e\" data-element_type=\"widget\" data-e-type=\"widget\" data-widget_type=\"text-editor.default\">\n\t\t\t\t<div class=\"elementor-widget-container\">\n\t\t\t\t\t\t\t\t\t<ul><li style=\"font-weight: 400;\" aria-level=\"1\"><span style=\"font-weight: 400;\">Tous les aspects de la gestion, y compris la budg\u00e9tisation, la planification et la recherche d'\u00e9quipements et de services ;<\/span><\/li><li style=\"font-weight: 400;\" aria-level=\"1\"><span style=\"font-weight: 400;\">Surveillance, gestion et r\u00e9paration de tous les \u00e9quipements, y compris la programmation de syst\u00e8mes \u00e9lectroniques complexes et d'automates programmables ;<\/span><\/li><li style=\"font-weight: 400;\" aria-level=\"1\"><span style=\"font-weight: 400;\">Maintenance pr\u00e9ventive, suivi et service pour tous les types d'\u00e9quipements ;<\/span><\/li><li style=\"font-weight: 400;\" aria-level=\"1\"><span style=\"font-weight: 400;\">Tenue de dossiers pour les contr\u00f4les et audits r\u00e9glementaires ;<\/span><\/li><li style=\"font-weight: 400;\" aria-level=\"1\"><span style=\"font-weight: 400;\">\u00c9valuations des risques pour les nouveaux \u00e9quipements introduits afin de s'assurer que tous les \u00e9quipements sont conformes aux sp\u00e9cifications de l'\u00e9quipementier ;<\/span><\/li><li style=\"font-weight: 400;\" aria-level=\"1\"><span style=\"font-weight: 400;\">Assurer l'interface avec les autorit\u00e9s r\u00e9glementaires afin de garantir la conformit\u00e9 totale de l'\u00e9quipement.<\/span><\/li><\/ul>\t\t\t\t\t\t\t\t<\/div>\n\t\t\t\t<\/div>\n\t\t\t\t<\/div>\n\t\t\t\t\t<\/div>\n\t\t\t\t<\/div>\n\t\t<div class=\"elementor-element elementor-element-5189ef7 e-con-full e-flex e-con e-parent\" data-id=\"5189ef7\" data-element_type=\"container\" data-e-type=\"container\" data-settings=\"{&quot;jet_parallax_layout_list&quot;:[]}\">\n\t\t<div class=\"elementor-element elementor-element-1f90d94 e-con-full e-flex e-con e-child\" data-id=\"1f90d94\" data-element_type=\"container\" data-e-type=\"container\" data-settings=\"{&quot;background_background&quot;:&quot;classic&quot;,&quot;jet_parallax_layout_list&quot;:[]}\">\n\t\t\t\t<\/div>\n\t\t<div class=\"elementor-element elementor-element-6fb5704 e-con-full e-flex e-con e-child\" data-id=\"6fb5704\" data-element_type=\"container\" data-e-type=\"container\" data-settings=\"{&quot;jet_parallax_layout_list&quot;:[]}\">\n\t\t\t\t<div class=\"elementor-element elementor-element-d70d754 elementor-widget elementor-widget-heading\" data-id=\"d70d754\" data-element_type=\"widget\" data-e-type=\"widget\" data-widget_type=\"heading.default\">\n\t\t\t\t<div class=\"elementor-widget-container\">\n\t\t\t\t\t<h3 class=\"elementor-heading-title elementor-size-default\">AVANTAGES DE L'UTILISATION DES TT<\/h3>\t\t\t\t<\/div>\n\t\t\t\t<\/div>\n\t\t\t\t<div class=\"elementor-element elementor-element-58302bc elementor-widget elementor-widget-text-editor\" data-id=\"58302bc\" data-element_type=\"widget\" data-e-type=\"widget\" data-widget_type=\"text-editor.default\">\n\t\t\t\t<div class=\"elementor-widget-container\">\n\t\t\t\t\t\t\t\t\t<ul><li style=\"font-weight: 400;\" aria-level=\"1\"><span style=\"font-weight: 400;\">Assurer la continuit\u00e9 op\u00e9rationnelle avec pour objectif z\u00e9ro temps d'arr\u00eat.\u00a0 <br \/>Cela se traduit par une r\u00e9duction de 30% ou plus des co\u00fbts de gestion des installations de formation ;<\/span><\/li><li style=\"font-weight: 400;\" aria-level=\"1\"><span style=\"font-weight: 400;\">Des solutions adaptables et personnalisables pour vous aider \u00e0 r\u00e9pondre aux besoins de formation. <br \/>de mani\u00e8re rentable ;<\/span><\/li><li style=\"font-weight: 400;\" aria-level=\"1\"><span style=\"font-weight: 400;\">Assistance 24 heures sur 24, 7 jours sur 7<\/span><\/li><li style=\"font-weight: 400;\" aria-level=\"1\"><span style=\"font-weight: 400;\">Mise en place de contr\u00f4les et de principes d'inventaire ;<\/span><\/li><li style=\"font-weight: 400;\" aria-level=\"1\"><span style=\"font-weight: 400;\">Assistance aux audits externes et \u00e0 la certification des \u00e9quipements aupr\u00e8s des autorit\u00e9s r\u00e9glementaires.<\/span><\/li><\/ul>\t\t\t\t\t\t\t\t<\/div>\n\t\t\t\t<\/div>\n\t\t\t\t<div class=\"elementor-element elementor-element-d87d7a4 elementor-widget elementor-widget-jet-download-button\" data-id=\"d87d7a4\" data-element_type=\"widget\" data-e-type=\"widget\" data-widget_type=\"jet-download-button.default\">\n\t\t\t\t<div class=\"elementor-widget-container\">\n\t\t\t\t\t<div class=\"elementor-jet-download-button jet-elements\"><a class=\"elementor-button elementor-size-md jet-download jet-download-icon-position-right\" data-e-disable-page-transition=\"true\" href=\"https:\/\/aviation.tulmar.com\/fr\/?jet_download=f72892a514917d98cab4c41dcdd89ef53f577fe6\" ><span class=\"jet-download__icon jet-download-icon-right jet-elements-icon\"><svg aria-hidden=\"true\" class=\"e-font-icon-svg e-fas-chevron-right\" viewbox=\"0 0 320 512\" xmlns=\"http:\/\/www.w3.org\/2000\/svg\"><path d=\"M285.476 272.971L91.132 467.314c-9.373 9.373-24.569 9.373-33.941 0l-22.667-22.667c-9.357-9.357-9.375-24.522-.04-33.901L188.505 256 34.484 101.255c-9.335-9.379-9.317-24.544.04-33.901l22.667-22.667c9.373-9.373 24.569-9.373 33.941 0L285.475 239.03c9.373 9.372 9.373 24.568.001 33.941z\"><\/path><\/svg><\/span><span class=\"jet-download__text\"><span class=\"jet-download__label\">T\u00e9l\u00e9charger la brochure<\/span><span class=\"jet-download__file-name\"><\/span><small class=\"jet-download__sub-label\"><\/small><\/span><\/a>\n<\/div>\t\t\t\t<\/div>\n\t\t\t\t<\/div>\n\t\t\t\t<\/div>\n\t\t\t\t<\/div>\n\t\t<div class=\"elementor-element elementor-element-841e07e e-flex e-con-boxed e-con e-parent\" data-id=\"841e07e\" data-element_type=\"container\" data-e-type=\"container\" data-settings=\"{&quot;background_background&quot;:&quot;classic&quot;,&quot;jet_parallax_layout_list&quot;:[]}\">\n\t\t\t\t\t<div class=\"e-con-inner\">\n\t\t\t\t<div class=\"elementor-element elementor-element-f076cbb elementor-widget elementor-widget-text-editor\" data-id=\"f076cbb\" data-element_type=\"widget\" data-e-type=\"widget\" data-widget_type=\"text-editor.default\">\n\t\t\t\t<div class=\"elementor-widget-container\">\n\t\t\t\t\t\t\t\t\t<p><span style=\"font-weight: 400;\">De l'entretien de routine et des inspections de l'\u00e9quipement aux mises \u00e0 niveau et aux r\u00e9parations, nous veillons \u00e0 ce que vos environnements de formation fonctionnent sans heurts, en maximisant la s\u00e9curit\u00e9 et la performance. Faites confiance \u00e0 Tulmar pour que votre \u00e9quipe soit pr\u00eate et que vos ressources de formation soient les plus efficaces possible.<\/span><\/p>\t\t\t\t\t\t\t\t<\/div>\n\t\t\t\t<\/div>\n\t\t\t\t\t<\/div>\n\t\t\t\t<\/div>\n\t\t<div class=\"elementor-element elementor-element-7b1e8b0 e-flex e-con-boxed e-con e-parent\" data-id=\"7b1e8b0\" data-element_type=\"container\" data-e-type=\"container\" data-settings=\"{&quot;background_background&quot;:&quot;classic&quot;,&quot;jet_parallax_layout_list&quot;:[]}\">\n\t\t\t\t\t<div class=\"e-con-inner\">\n\t\t\t\t\t<\/div>\n\t\t\t\t<\/div>\n\t\t<div class=\"elementor-element elementor-element-bb15aae e-flex e-con-boxed e-con e-parent\" data-id=\"bb15aae\" data-element_type=\"container\" data-e-type=\"container\" data-settings=\"{&quot;background_background&quot;:&quot;classic&quot;,&quot;jet_parallax_layout_list&quot;:[]}\">\n\t\t\t\t\t<div class=\"e-con-inner\">\n\t\t\t\t<div class=\"elementor-element elementor-element-95ed31c elementor-widget elementor-widget-text-editor\" data-id=\"95ed31c\" data-element_type=\"widget\" data-e-type=\"widget\" data-widget_type=\"text-editor.default\">\n\t\t\t\t<div class=\"elementor-widget-container\">\n\t\t\t\t\t\t\t\t\t<p><span style=\"font-weight: 400;\">Les services techniques de Tulmar sont destin\u00e9s aux compagnies a\u00e9riennes et aux centres de formation de diff\u00e9rentes tailles.\u00a0 <br \/>Ses services sont adapt\u00e9s et int\u00e9gr\u00e9s \u00e0 vos mod\u00e8les et calendriers de formation, avec un personnel sp\u00e9cialis\u00e9 pr\u00eat \u00e0 apprendre et \u00e0 optimiser vos protocoles.<\/span><\/p>\t\t\t\t\t\t\t\t<\/div>\n\t\t\t\t<\/div>\n\t\t\t\t<div class=\"elementor-element elementor-element-3571e04 elementor-widget-divider--view-line elementor-widget elementor-widget-divider\" data-id=\"3571e04\" data-element_type=\"widget\" data-e-type=\"widget\" data-widget_type=\"divider.default\">\n\t\t\t\t<div class=\"elementor-widget-container\">\n\t\t\t\t\t\t\t<div class=\"elementor-divider\">\n\t\t\t<span class=\"elementor-divider-separator\">\n\t\t\t\t\t\t<\/span>\n\t\t<\/div>\n\t\t\t\t\t\t<\/div>\n\t\t\t\t<\/div>\n\t\t\t\t\t<\/div>\n\t\t\t\t<\/div>\n\t\t<div class=\"elementor-element elementor-element-e97c5f3 e-flex e-con-boxed e-con e-parent\" data-id=\"e97c5f3\" data-element_type=\"container\" data-e-type=\"container\" data-settings=\"{&quot;jet_parallax_layout_list&quot;:[]}\">\n\t\t\t\t\t<div class=\"e-con-inner\">\n\t\t<div class=\"elementor-element elementor-element-225e6d3 e-con-full e-flex e-con e-child\" data-id=\"225e6d3\" data-element_type=\"container\" data-e-type=\"container\" data-settings=\"{&quot;jet_parallax_layout_list&quot;:[]}\">\n\t\t\t\t<div class=\"elementor-element elementor-element-eec39e4 elementor-widget elementor-widget-heading\" data-id=\"eec39e4\" data-element_type=\"widget\" data-e-type=\"widget\" data-widget_type=\"heading.default\">\n\t\t\t\t<div class=\"elementor-widget-container\">\n\t\t\t\t\t<h3 class=\"elementor-heading-title elementor-size-default\">COMMENT DEMANDER CE SERVICE<\/h3>\t\t\t\t<\/div>\n\t\t\t\t<\/div>\n\t\t\t\t<div class=\"elementor-element elementor-element-914382b elementor-widget-divider--view-line elementor-widget elementor-widget-divider\" data-id=\"914382b\" data-element_type=\"widget\" data-e-type=\"widget\" data-widget_type=\"divider.default\">\n\t\t\t\t<div class=\"elementor-widget-container\">\n\t\t\t\t\t\t\t<div class=\"elementor-divider\">\n\t\t\t<span class=\"elementor-divider-separator\">\n\t\t\t\t\t\t<\/span>\n\t\t<\/div>\n\t\t\t\t\t\t<\/div>\n\t\t\t\t<\/div>\n\t\t\t\t<\/div>\n\t\t<div class=\"elementor-element elementor-element-6c75482 e-con-full articles_content e-flex e-con e-child\" data-id=\"6c75482\" data-element_type=\"container\" data-e-type=\"container\" data-settings=\"{&quot;jet_parallax_layout_list&quot;:[]}\">\n\t\t\t\t<div class=\"elementor-element elementor-element-b121a69 elementor-widget elementor-widget-text-editor\" data-id=\"b121a69\" data-element_type=\"widget\" data-e-type=\"widget\" data-widget_type=\"text-editor.default\">\n\t\t\t\t<div class=\"elementor-widget-container\">\n\t\t\t\t\t\t\t\t\t<p><span style=\"font-weight: 400;\">Si vous \u00eates int\u00e9ress\u00e9 par nos services de gestion de l'\u00e9quipement et des installations des centres de formation, contactez-nous \u00e0 l'adresse suivante <\/span><a href=\"mailto:aviation@tulmar.com\"><span style=\"font-weight: 400;\">aviation@tulmar.com<\/span><\/a><span style=\"font-weight: 400;\"> ou via notre formulaire de contact sur le web.\u00a0\u00a0<\/span><\/p><p><span style=\"font-weight: 400;\">Faites-nous part de vos besoins, du type de centre ou d'installations que vous utilisez ou pr\u00e9voyez d'utiliser.  Nous vous contacterons dans les plus brefs d\u00e9lais pour vous soumettre une proposition et discuter de la solution la mieux adapt\u00e9e.  Notre \u00e9quipe d'experts travaillera alors avec vous pour d\u00e9finir un mod\u00e8le personnalis\u00e9 et un accord de travail r\u00e9pondant aux besoins de chacun.<\/span><\/p>\t\t\t\t\t\t\t\t<\/div>\n\t\t\t\t<\/div>\n\t\t\t\t<div class=\"elementor-element elementor-element-8578c2b elementor-align-left contactaviation_btn elementor-widget elementor-widget-button\" data-id=\"8578c2b\" data-element_type=\"widget\" data-e-type=\"widget\" data-widget_type=\"button.default\">\n\t\t\t\t<div class=\"elementor-widget-container\">\n\t\t\t\t\t\t\t\t\t<div class=\"elementor-button-wrapper\">\n\t\t\t\t\t<a class=\"elementor-button elementor-button-link elementor-size-sm elementor-animation-grow\" href=\"#\">\n\t\t\t\t\t\t<span class=\"elementor-button-content-wrapper\">\n\t\t\t\t\t\t\t\t\t<span class=\"elementor-button-text\">Contactez nous<\/span>\n\t\t\t\t\t<\/span>\n\t\t\t\t\t<\/a>\n\t\t\t\t<\/div>\n\t\t\t\t\t\t\t\t<\/div>\n\t\t\t\t<\/div>\n\t\t\t\t<\/div>\n\t\t\t\t\t<\/div>\n\t\t\t\t<\/div>\n\t\t\t\t<\/div>","protected":false},"excerpt":{"rendered":"<p>TULMAR TECHNICAL SERVICES (TTS) A complete service portfolio for the management of your cabin crew training equipment. TURN-KEY SOLUTION A turn-key service to address the airline industry\u2019s need for cost efficient planning, management and maintenance of in-flight training equipment. Our expertise ensures safety, operational continuity and training consistency. This enables you to focus on training [&hellip;]<\/p>\n","protected":false},"author":1,"featured_media":0,"parent":0,"menu_order":0,"comment_status":"closed","ping_status":"closed","template":"","meta":{"footnotes":""},"class_list":["post-2705","page","type-page","status-publish","hentry"],"yoast_head":"<!-- This site is optimized with the Yoast SEO Premium plugin v27.4 (Yoast SEO v27.4) - https:\/\/yoast.com\/product\/yoast-seo-premium-wordpress\/ -->\n<title>Tulmar Technical Services(TTS) - Tulmar Aviation<\/title>\n<meta name=\"robots\" content=\"index, follow, max-snippet:-1, max-image-preview:large, max-video-preview:-1\" \/>\n<link rel=\"canonical\" href=\"https:\/\/aviation.tulmar.com\/fr\/tulmar-technical-servicestts\/\" \/>\n<meta property=\"og:locale\" content=\"fr_CA\" \/>\n<meta property=\"og:type\" content=\"article\" \/>\n<meta property=\"og:title\" content=\"Tulmar Technical Services(TTS)\" \/>\n<meta property=\"og:description\" content=\"TULMAR TECHNICAL SERVICES (TTS) A complete service portfolio for the management of your cabin crew training equipment. TURN-KEY SOLUTION A turn-key service to address the airline industry\u2019s need for cost efficient planning, management and maintenance of in-flight training equipment. Our expertise ensures safety, operational continuity and training consistency. This enables you to focus on training [&hellip;]\" \/>\n<meta property=\"og:url\" content=\"https:\/\/aviation.tulmar.com\/fr\/tulmar-technical-servicestts\/\" \/>\n<meta property=\"og:site_name\" content=\"Tulmar Aviation\" \/>\n<meta property=\"article:modified_time\" content=\"2024-09-23T13:31:14+00:00\" \/>\n<meta name=\"twitter:card\" content=\"summary_large_image\" \/>\n<meta name=\"twitter:label1\" content=\"Estimation du temps de lecture\" \/>\n\t<meta name=\"twitter:data1\" content=\"2 minutes\" \/>\n<script type=\"application\/ld+json\" class=\"yoast-schema-graph\">{\"@context\":\"https:\\\/\\\/schema.org\",\"@graph\":[{\"@type\":\"WebPage\",\"@id\":\"https:\\\/\\\/aviation.tulmar.com\\\/tulmar-technical-servicestts\\\/\",\"url\":\"https:\\\/\\\/aviation.tulmar.com\\\/tulmar-technical-servicestts\\\/\",\"name\":\"Tulmar Technical Services(TTS) - Tulmar Aviation\",\"isPartOf\":{\"@id\":\"https:\\\/\\\/aviation.tulmar.com\\\/#website\"},\"datePublished\":\"2024-09-19T00:26:38+00:00\",\"dateModified\":\"2024-09-23T13:31:14+00:00\",\"breadcrumb\":{\"@id\":\"https:\\\/\\\/aviation.tulmar.com\\\/tulmar-technical-servicestts\\\/#breadcrumb\"},\"inLanguage\":\"fr-CA\",\"potentialAction\":[{\"@type\":\"ReadAction\",\"target\":[\"https:\\\/\\\/aviation.tulmar.com\\\/tulmar-technical-servicestts\\\/\"]}]},{\"@type\":\"BreadcrumbList\",\"@id\":\"https:\\\/\\\/aviation.tulmar.com\\\/tulmar-technical-servicestts\\\/#breadcrumb\",\"itemListElement\":[{\"@type\":\"ListItem\",\"position\":1,\"name\":\"Home\",\"item\":\"https:\\\/\\\/aviation.tulmar.com\\\/\"},{\"@type\":\"ListItem\",\"position\":2,\"name\":\"Tulmar Technical Services(TTS)\"}]},{\"@type\":\"WebSite\",\"@id\":\"https:\\\/\\\/aviation.tulmar.com\\\/#website\",\"url\":\"https:\\\/\\\/aviation.tulmar.com\\\/\",\"name\":\"Tulmar Aviation\",\"description\":\"Solutions for the Aviation market\",\"publisher\":{\"@id\":\"https:\\\/\\\/aviation.tulmar.com\\\/#organization\"},\"potentialAction\":[{\"@type\":\"SearchAction\",\"target\":{\"@type\":\"EntryPoint\",\"urlTemplate\":\"https:\\\/\\\/aviation.tulmar.com\\\/?s={search_term_string}\"},\"query-input\":{\"@type\":\"PropertyValueSpecification\",\"valueRequired\":true,\"valueName\":\"search_term_string\"}}],\"inLanguage\":\"fr-CA\"},{\"@type\":\"Organization\",\"@id\":\"https:\\\/\\\/aviation.tulmar.com\\\/#organization\",\"name\":\"Tulmar Aviation\",\"url\":\"https:\\\/\\\/aviation.tulmar.com\\\/\",\"logo\":{\"@type\":\"ImageObject\",\"inLanguage\":\"fr-CA\",\"@id\":\"https:\\\/\\\/aviation.tulmar.com\\\/#\\\/schema\\\/logo\\\/image\\\/\",\"url\":\"https:\\\/\\\/aviation.tulmar.com\\\/wp-content\\\/uploads\\\/sites\\\/7\\\/2024\\\/10\\\/LogoLanding.svg\",\"contentUrl\":\"https:\\\/\\\/aviation.tulmar.com\\\/wp-content\\\/uploads\\\/sites\\\/7\\\/2024\\\/10\\\/LogoLanding.svg\",\"width\":407,\"height\":143,\"caption\":\"Tulmar Aviation\"},\"image\":{\"@id\":\"https:\\\/\\\/aviation.tulmar.com\\\/#\\\/schema\\\/logo\\\/image\\\/\"}}]}<\/script>\n<!-- \/ Yoast SEO Premium plugin. -->","yoast_head_json":{"title":"Tulmar Technical Services (TTS) - Tulmar Aviation","robots":{"index":"index","follow":"follow","max-snippet":"max-snippet:-1","max-image-preview":"max-image-preview:large","max-video-preview":"max-video-preview:-1"},"canonical":"https:\/\/aviation.tulmar.com\/fr\/tulmar-technical-servicestts\/","og_locale":"fr_CA","og_type":"article","og_title":"Tulmar Technical Services(TTS)","og_description":"TULMAR TECHNICAL SERVICES (TTS) A complete service portfolio for the management of your cabin crew training equipment. TURN-KEY SOLUTION A turn-key service to address the airline industry\u2019s need for cost efficient planning, management and maintenance of in-flight training equipment. Our expertise ensures safety, operational continuity and training consistency. This enables you to focus on training [&hellip;]","og_url":"https:\/\/aviation.tulmar.com\/fr\/tulmar-technical-servicestts\/","og_site_name":"Tulmar Aviation","article_modified_time":"2024-09-23T13:31:14+00:00","twitter_card":"summary_large_image","twitter_misc":{"Estimation du temps de lecture":"2 minutes"},"schema":{"@context":"https:\/\/schema.org","@graph":[{"@type":"WebPage","@id":"https:\/\/aviation.tulmar.com\/tulmar-technical-servicestts\/","url":"https:\/\/aviation.tulmar.com\/tulmar-technical-servicestts\/","name":"Tulmar Technical Services (TTS) - Tulmar Aviation","isPartOf":{"@id":"https:\/\/aviation.tulmar.com\/#website"},"datePublished":"2024-09-19T00:26:38+00:00","dateModified":"2024-09-23T13:31:14+00:00","breadcrumb":{"@id":"https:\/\/aviation.tulmar.com\/tulmar-technical-servicestts\/#breadcrumb"},"inLanguage":"fr-CA","potentialAction":[{"@type":"ReadAction","target":["https:\/\/aviation.tulmar.com\/tulmar-technical-servicestts\/"]}]},{"@type":"BreadcrumbList","@id":"https:\/\/aviation.tulmar.com\/tulmar-technical-servicestts\/#breadcrumb","itemListElement":[{"@type":"ListItem","position":1,"name":"Home","item":"https:\/\/aviation.tulmar.com\/"},{"@type":"ListItem","position":2,"name":"Tulmar Technical Services(TTS)"}]},{"@type":"WebSite","@id":"https:\/\/aviation.tulmar.com\/#website","url":"https:\/\/aviation.tulmar.com\/","name":"Tulmar Aviation","description":"Solutions pour le march\u00e9 de l'aviation","publisher":{"@id":"https:\/\/aviation.tulmar.com\/#organization"},"potentialAction":[{"@type":"SearchAction","target":{"@type":"EntryPoint","urlTemplate":"https:\/\/aviation.tulmar.com\/?s={search_term_string}"},"query-input":{"@type":"PropertyValueSpecification","valueRequired":true,"valueName":"search_term_string"}}],"inLanguage":"fr-CA"},{"@type":"Organization","@id":"https:\/\/aviation.tulmar.com\/#organization","name":"Tulmar Aviation","url":"https:\/\/aviation.tulmar.com\/","logo":{"@type":"ImageObject","inLanguage":"fr-CA","@id":"https:\/\/aviation.tulmar.com\/#\/schema\/logo\/image\/","url":"https:\/\/aviation.tulmar.com\/wp-content\/uploads\/sites\/7\/2024\/10\/LogoLanding.svg","contentUrl":"https:\/\/aviation.tulmar.com\/wp-content\/uploads\/sites\/7\/2024\/10\/LogoLanding.svg","width":407,"height":143,"caption":"Tulmar Aviation"},"image":{"@id":"https:\/\/aviation.tulmar.com\/#\/schema\/logo\/image\/"}}]}},"_links":{"self":[{"href":"https:\/\/aviation.tulmar.com\/fr\/wp-json\/wp\/v2\/pages\/2705","targetHints":{"allow":["GET"]}}],"collection":[{"href":"https:\/\/aviation.tulmar.com\/fr\/wp-json\/wp\/v2\/pages"}],"about":[{"href":"https:\/\/aviation.tulmar.com\/fr\/wp-json\/wp\/v2\/types\/page"}],"author":[{"embeddable":true,"href":"https:\/\/aviation.tulmar.com\/fr\/wp-json\/wp\/v2\/users\/1"}],"replies":[{"embeddable":true,"href":"https:\/\/aviation.tulmar.com\/fr\/wp-json\/wp\/v2\/comments?post=2705"}],"version-history":[{"count":0,"href":"https:\/\/aviation.tulmar.com\/fr\/wp-json\/wp\/v2\/pages\/2705\/revisions"}],"wp:attachment":[{"href":"https:\/\/aviation.tulmar.com\/fr\/wp-json\/wp\/v2\/media?parent=2705"}],"curies":[{"name":"wp","href":"https:\/\/api.w.org\/{rel}","templated":true}]}}